{"id":100,"date":"2022-06-24T17:01:16","date_gmt":"2022-06-24T17:01:16","guid":{"rendered":"https:\/\/novarefriclima.com.br\/?page_id=100"},"modified":"2025-11-06T19:40:43","modified_gmt":"2025-11-06T19:40:43","slug":"home","status":"publish","type":"page","link":"https:\/\/novarefriclima.com.br\/","title":{"rendered":"HOME"},"content":{"rendered":"\t\t<div data-elementor-type=\"wp-page\" data-elementor-id=\"100\" class=\"elementor elementor-100\">\n\t\t\t\t\t\t<section class=\"elementor-section elementor-top-section elementor-element elementor-element-99009ba elementor-section-boxed elementor-section-height-default elementor-section-height-default\" data-id=\"99009ba\" data-element_type=\"section\">\n\t\t\t\t\t\t<div class=\"elementor-container elementor-column-gap-default\">\n\t\t\t\t\t<div class=\"elementor-column elementor-col-25 elementor-top-column elementor-element elementor-element-b945cd8\" data-id=\"b945cd8\" data-element_type=\"column\">\n\t\t\t<div class=\"elementor-widget-wrap elementor-element-populated\">\n\t\t\t\t\t\t<div class=\"elementor-element elementor-element-e635f4f elementor-widget elementor-widget-image\" data-id=\"e635f4f\" data-element_type=\"widget\" data-widget_type=\"image.default\">\n\t\t\t\t<div class=\"elementor-widget-container\">\n\t\t\t\t\t\t\t\t\t\t\t\t\t\t\t<img fetchpriority=\"high\" decoding=\"async\" width=\"1024\" height=\"573\" src=\"https:\/\/novarefriclima.com.br\/wp-content\/uploads\/2025\/10\/876d411f-d12d-4c83-8c78-ef0eba3f6650-1024x573.jpeg\" class=\"attachment-large size-large wp-image-516\" alt=\"\" srcset=\"https:\/\/novarefriclima.com.br\/wp-content\/uploads\/2025\/10\/876d411f-d12d-4c83-8c78-ef0eba3f6650-1024x573.jpeg 1024w, https:\/\/novarefriclima.com.br\/wp-content\/uploads\/2025\/10\/876d411f-d12d-4c83-8c78-ef0eba3f6650-300x168.jpeg 300w, https:\/\/novarefriclima.com.br\/wp-content\/uploads\/2025\/10\/876d411f-d12d-4c83-8c78-ef0eba3f6650-768x430.jpeg 768w, https:\/\/novarefriclima.com.br\/wp-content\/uploads\/2025\/10\/876d411f-d12d-4c83-8c78-ef0eba3f6650-1536x860.jpeg 1536w, https:\/\/novarefriclima.com.br\/wp-content\/uploads\/2025\/10\/876d411f-d12d-4c83-8c78-ef0eba3f6650-320x180.jpeg 320w, https:\/\/novarefriclima.com.br\/wp-content\/uploads\/2025\/10\/876d411f-d12d-4c83-8c78-ef0eba3f6650.jpeg 1600w\" sizes=\"(max-width: 1024px) 100vw, 1024px\" \/>\t\t\t\t\t\t\t\t\t\t\t\t\t\t\t<\/div>\n\t\t\t\t<\/div>\n\t\t\t\t\t<\/div>\n\t\t<\/div>\n\t\t\t\t<div class=\"elementor-column elementor-col-25 elementor-top-column elementor-element elementor-element-a3a11c6\" data-id=\"a3a11c6\" data-element_type=\"column\">\n\t\t\t<div class=\"elementor-widget-wrap elementor-element-populated\">\n\t\t\t\t\t\t<div class=\"elementor-element elementor-element-6e32cfa elementor-widget elementor-widget-image\" data-id=\"6e32cfa\" data-element_type=\"widget\" data-widget_type=\"image.default\">\n\t\t\t\t<div class=\"elementor-widget-container\">\n\t\t\t\t\t\t\t\t\t\t\t\t\t\t\t<img decoding=\"async\" width=\"1024\" height=\"573\" src=\"https:\/\/novarefriclima.com.br\/wp-content\/uploads\/2025\/10\/09ad9d5a-6e1e-448b-96cf-16446480e1b8-1024x573.jpeg\" class=\"attachment-large size-large wp-image-515\" alt=\"\" srcset=\"https:\/\/novarefriclima.com.br\/wp-content\/uploads\/2025\/10\/09ad9d5a-6e1e-448b-96cf-16446480e1b8-1024x573.jpeg 1024w, https:\/\/novarefriclima.com.br\/wp-content\/uploads\/2025\/10\/09ad9d5a-6e1e-448b-96cf-16446480e1b8-300x168.jpeg 300w, https:\/\/novarefriclima.com.br\/wp-content\/uploads\/2025\/10\/09ad9d5a-6e1e-448b-96cf-16446480e1b8-768x430.jpeg 768w, https:\/\/novarefriclima.com.br\/wp-content\/uploads\/2025\/10\/09ad9d5a-6e1e-448b-96cf-16446480e1b8-1536x860.jpeg 1536w, https:\/\/novarefriclima.com.br\/wp-content\/uploads\/2025\/10\/09ad9d5a-6e1e-448b-96cf-16446480e1b8-320x180.jpeg 320w, https:\/\/novarefriclima.com.br\/wp-content\/uploads\/2025\/10\/09ad9d5a-6e1e-448b-96cf-16446480e1b8.jpeg 1600w\" sizes=\"(max-width: 1024px) 100vw, 1024px\" \/>\t\t\t\t\t\t\t\t\t\t\t\t\t\t\t<\/div>\n\t\t\t\t<\/div>\n\t\t\t\t\t<\/div>\n\t\t<\/div>\n\t\t\t\t<div class=\"elementor-column elementor-col-25 elementor-top-column elementor-element elementor-element-e94859e\" data-id=\"e94859e\" data-element_type=\"column\">\n\t\t\t<div class=\"elementor-widget-wrap elementor-element-populated\">\n\t\t\t\t\t\t<div class=\"elementor-element elementor-element-4d43e0b elementor-widget elementor-widget-image\" data-id=\"4d43e0b\" data-element_type=\"widget\" data-widget_type=\"image.default\">\n\t\t\t\t<div class=\"elementor-widget-container\">\n\t\t\t\t\t\t\t\t\t\t\t\t\t\t\t<img decoding=\"async\" width=\"751\" height=\"343\" src=\"https:\/\/novarefriclima.com.br\/wp-content\/uploads\/2022\/06\/5.jpg\" class=\"attachment-medium_large size-medium_large wp-image-16\" alt=\"\" srcset=\"https:\/\/novarefriclima.com.br\/wp-content\/uploads\/2022\/06\/5.jpg 751w, https:\/\/novarefriclima.com.br\/wp-content\/uploads\/2022\/06\/5-300x137.jpg 300w\" sizes=\"(max-width: 751px) 100vw, 751px\" \/>\t\t\t\t\t\t\t\t\t\t\t\t\t\t\t<\/div>\n\t\t\t\t<\/div>\n\t\t\t\t\t<\/div>\n\t\t<\/div>\n\t\t\t\t<div class=\"elementor-column elementor-col-25 elementor-top-column elementor-element elementor-element-436348f\" data-id=\"436348f\" data-element_type=\"column\">\n\t\t\t<div class=\"elementor-widget-wrap elementor-element-populated\">\n\t\t\t\t\t\t<div class=\"elementor-element elementor-element-f35097d elementor-widget elementor-widget-image\" data-id=\"f35097d\" data-element_type=\"widget\" data-widget_type=\"image.default\">\n\t\t\t\t<div class=\"elementor-widget-container\">\n\t\t\t\t\t\t\t\t\t\t\t\t\t\t\t<img loading=\"lazy\" decoding=\"async\" width=\"356\" height=\"167\" src=\"https:\/\/novarefriclima.com.br\/wp-content\/uploads\/2022\/07\/pmoc.jpg\" class=\"attachment-large size-large wp-image-296\" alt=\"\" srcset=\"https:\/\/novarefriclima.com.br\/wp-content\/uploads\/2022\/07\/pmoc.jpg 356w, https:\/\/novarefriclima.com.br\/wp-content\/uploads\/2022\/07\/pmoc-300x141.jpg 300w\" sizes=\"(max-width: 356px) 100vw, 356px\" \/>\t\t\t\t\t\t\t\t\t\t\t\t\t\t\t<\/div>\n\t\t\t\t<\/div>\n\t\t\t\t\t<\/div>\n\t\t<\/div>\n\t\t\t\t\t<\/div>\n\t\t<\/section>\n\t\t\t\t<section class=\"elementor-section elementor-top-section elementor-element elementor-element-ab3d89b elementor-section-boxed elementor-section-height-default elementor-section-height-default\" data-id=\"ab3d89b\" data-element_type=\"section\">\n\t\t\t\t\t\t<div class=\"elementor-container elementor-column-gap-default\">\n\t\t\t\t\t<div class=\"elementor-column elementor-col-25 elementor-top-column elementor-element elementor-element-03bfae2\" data-id=\"03bfae2\" data-element_type=\"column\">\n\t\t\t<div class=\"elementor-widget-wrap elementor-element-populated\">\n\t\t\t\t\t\t<div class=\"elementor-element elementor-element-4b53848 elementor-widget elementor-widget-heading\" data-id=\"4b53848\" data-element_type=\"widget\" data-widget_type=\"heading.default\">\n\t\t\t\t<div class=\"elementor-widget-container\">\n\t\t\t\t\t<h2 class=\"elementor-heading-title elementor-size-default\"><h5 id=\"vk-blocks\" style=\"margin-top: 1.5rem;margin-bottom: 1rem\"><a href=\"https:\/\/novarefriclima.com.br\/index.php\/instalacao\/\" target=\"_blank\">INSTALA\u00c7\u00c3O<\/a><\/h5><div class=\"wp-block-column\" style=\"flex-basis: 0px;font-size: 16px;font-weight: 400\"><p><span style=\"font-weight: bolder\">Instalac\u00e3o a partir de R$ 800,00; Para equipamentos at\u00e9 12.000 BTUS com uma distancia de at\u00e9 3metros do evaporador interno ao condensador externo<\/span>.<\/p><p><\/p><p><\/p><div class=\"wp-block-buttons\"><p><\/p><p><a href=\"https:\/\/novarefriclima.com.br\/?elementor-preview=100&amp;ver=1756047869\">Confira<\/a><\/p><p><\/p><\/div><\/p><\/div><\/h2>\t\t\t\t<\/div>\n\t\t\t\t<\/div>\n\t\t\t\t\t<\/div>\n\t\t<\/div>\n\t\t\t\t<div class=\"elementor-column elementor-col-25 elementor-top-column elementor-element elementor-element-b2f5986\" data-id=\"b2f5986\" data-element_type=\"column\">\n\t\t\t<div class=\"elementor-widget-wrap elementor-element-populated\">\n\t\t\t\t\t\t<div class=\"elementor-element elementor-element-a4e3772 elementor-widget elementor-widget-heading\" data-id=\"a4e3772\" data-element_type=\"widget\" data-widget_type=\"heading.default\">\n\t\t\t\t<div class=\"elementor-widget-container\">\n\t\t\t\t\t<h2 class=\"elementor-heading-title elementor-size-default\"><h5 style=\"margin-top: 1.5rem;margin-bottom: 1rem\"><a href=\"https:\/\/novarefriclima.com.br\/index.php\/manutencao\/\/\" target=\"_blank\">HIGIENIZA\u00c7\u00c3O<\/a><\/h5><h5 id=\"vk-blocks\" style=\"margin-top: 1.5rem;margin-bottom: 1rem\"><span style=\"font-weight: bolder;font-size: 16px\">Higieniza\u00e7\u00e3o a partir de R$ 200,00 para equipamentos de at\u00e9 12.000 BTUS, higieniza\u00e7\u00e3o com o equipamento no local.<\/span><br><\/h5><br><p style=\"font-size: 16px;font-weight: 400\"><\/p><p style=\"font-size: 16px;font-weight: 400\"><\/p><p style=\"font-size: 16px;font-weight: 400\"><\/p><p style=\"font-size: 16px;font-weight: 400\"><\/p><div class=\"wp-block-buttons\" style=\"font-size: 16px;font-weight: 400\"><p><\/p><\/div><a href=\"https:\/\/novarefriclima.com.br\/index.php\/manutencao\/\" target=\"_blank\" style=\"font-size: 16px;font-weight: 400\">Confira<\/a><\/h2>\t\t\t\t<\/div>\n\t\t\t\t<\/div>\n\t\t\t\t\t<\/div>\n\t\t<\/div>\n\t\t\t\t<div class=\"elementor-column elementor-col-25 elementor-top-column elementor-element elementor-element-9c81f10\" data-id=\"9c81f10\" data-element_type=\"column\">\n\t\t\t<div class=\"elementor-widget-wrap elementor-element-populated\">\n\t\t\t\t\t\t<div class=\"elementor-element elementor-element-32b2bd3 elementor-widget elementor-widget-heading\" data-id=\"32b2bd3\" data-element_type=\"widget\" data-widget_type=\"heading.default\">\n\t\t\t\t<div class=\"elementor-widget-container\">\n\t\t\t\t\t<h2 class=\"elementor-heading-title elementor-size-default\"><h5 style=\"margin-top: 1.5rem;margin-bottom: 1rem\"><a href=\"https:\/\/novarefriclima.com.br\/index.php\/vazamento\/\">VAZAMENTO<\/a><\/h5><p style=\"font-size: 16px;font-weight: 400\"><\/p><p style=\"font-size: 16px;font-weight: 400\"><\/p><p style=\"font-size: 16px;font-weight: 400\"><span style=\"font-weight: bolder\">Vazamento de fluido a partir de R$ 500,00 para equipamento de at\u00e9 12.000 BTUS, sanar vazamento e nova carga de fluido.<\/span><\/p><div style=\"font-size: 16px;font-weight: 400\"><p><a href=\"https:\/\/novarefriclima.com.br\/index.php\/vazamento\/\" target=\"_blank\">Confira<\/a><\/p><div><br><\/div><p><\/p><\/div><p style=\"font-size: 16px;font-weight: 400\"><\/h2>\t\t\t\t<\/div>\n\t\t\t\t<\/div>\n\t\t\t\t\t<\/div>\n\t\t<\/div>\n\t\t\t\t<div class=\"elementor-column elementor-col-25 elementor-top-column elementor-element elementor-element-62a6e19\" data-id=\"62a6e19\" data-element_type=\"column\">\n\t\t\t<div class=\"elementor-widget-wrap elementor-element-populated\">\n\t\t\t\t\t\t<div class=\"elementor-element elementor-element-5c26f41 elementor-widget elementor-widget-heading\" data-id=\"5c26f41\" data-element_type=\"widget\" data-widget_type=\"heading.default\">\n\t\t\t\t<div class=\"elementor-widget-container\">\n\t\t\t\t\t<h2 class=\"elementor-heading-title elementor-size-default\"><h5 style=\"margin-top: 1.5rem;margin-bottom: 1rem\"><a href=\"https:\/\/novarefriclima.com.br\/index.php\/pmoc\/\" target=\"_blank\">PMOC<\/a><\/h5><p style=\"font-size: 16px;font-weight: 400\"><\/p><p style=\"font-size: 16px;font-weight: 400\"><\/p><p style=\"font-size: 16px;font-weight: 400\"><span style=\"font-weight: bolder\">Pmoc plano de manuten\u00e7\u00e3o opera\u00e7\u00e3o e controle, manuten\u00e7\u00e3o preventiva e corretiva contrato mensal para o seu negocio.<\/span><\/p><div style=\"font-size: 16px;font-weight: 400\"><p><a href=\"https:\/\/novarefriclima.com.br\/index.php\/pmoc\/\" target=\"_blank\">Confira<\/a><\/h2>\t\t\t\t<\/div>\n\t\t\t\t<\/div>\n\t\t\t\t\t<\/div>\n\t\t<\/div>\n\t\t\t\t\t<\/div>\n\t\t<\/section>\n\t\t\t\t<section class=\"elementor-section elementor-top-section elementor-element elementor-element-4ea00ff1 elementor-section-boxed elementor-section-height-default elementor-section-height-default\" data-id=\"4ea00ff1\" data-element_type=\"section\">\n\t\t\t\t\t\t<div class=\"elementor-container elementor-column-gap-default\">\n\t\t\t\t\t<div class=\"elementor-column elementor-col-100 elementor-top-column elementor-element elementor-element-26c10c49\" data-id=\"26c10c49\" data-element_type=\"column\">\n\t\t\t<div class=\"elementor-widget-wrap elementor-element-populated\">\n\t\t\t\t\t\t<div class=\"elementor-element elementor-element-3c1c8211 elementor-drop-cap-yes elementor-drop-cap-view-default elementor-widget elementor-widget-text-editor\" data-id=\"3c1c8211\" data-element_type=\"widget\" data-settings=\"{&quot;drop_cap&quot;:&quot;yes&quot;}\" data-widget_type=\"text-editor.default\">\n\t\t\t\t<div class=\"elementor-widget-container\">\n\t\t\t\t\t\t\t\t\t<p><br><\/p><div class=\"wp-block-column\">\n<p><div class=\"wp-block-image\"><\/p>\n<figure class=\"alignleft size-full is-resized\"><a href=\"https:\/\/novarefriclima.com.br\/index.php\/servico-de-consultoria\/\"><img loading=\"lazy\" decoding=\"async\" src=\"https:\/\/novarefriclima.com.br\/wp-content\/uploads\/2022\/07\/consultoria.jpg\" alt=\"\" class=\"wp-image-301\" width=\"513\" height=\"240\" srcset=\"https:\/\/novarefriclima.com.br\/wp-content\/uploads\/2022\/07\/consultoria.jpg 356w, https:\/\/novarefriclima.com.br\/wp-content\/uploads\/2022\/07\/consultoria-300x141.jpg 300w\" sizes=\"(max-width: 513px) 100vw, 513px\" \/><\/a><p><\/p>\n<figcaption class=\"wp-element-caption\"><strong><a href=\"https:\/\/novarefriclima.com.br\/index.php\/servico-de-consultoria\/\">VISITA T\u00c9CNICA<\/a><\/strong><\/figcaption>\n<\/figure>\n<p><\/div><\/p>\n<p><div class=\"wp-block-image\"><\/p>\n<figure class=\"alignleft size-full is-resized\"><a href=\"https:\/\/novarefriclima.com.br\/index.php\/vendas-de-equipamentos\/\"><img loading=\"lazy\" decoding=\"async\" src=\"https:\/\/novarefriclima.com.br\/wp-content\/uploads\/2022\/07\/compra.jpg\" alt=\"\" class=\"wp-image-302\" width=\"521\" height=\"243\" srcset=\"https:\/\/novarefriclima.com.br\/wp-content\/uploads\/2022\/07\/compra.jpg 356w, https:\/\/novarefriclima.com.br\/wp-content\/uploads\/2022\/07\/compra-300x141.jpg 300w\" sizes=\"(max-width: 521px) 100vw, 521px\" \/><\/a><p><\/p>\n<figcaption class=\"wp-element-caption\"><strong><a href=\"https:\/\/novarefriclima.com.br\/index.php\/vendas-de-equipamentos\/\">VENDAS DE EQUIPAMENTOS<\/a><\/strong><\/figcaption>\n<\/figure>\n<p><\/div><\/p>\n<p><div class=\"wp-block-image\"><\/p>\n<figure class=\"alignleft size-full is-resized\"><a href=\"https:\/\/novarefriclima.com.br\/index.php\/sobre\/\"><img loading=\"lazy\" decoding=\"async\" src=\"https:\/\/novarefriclima.com.br\/wp-content\/uploads\/2022\/07\/COMPRAR.jpg\" alt=\"\" class=\"wp-image-303\" width=\"513\" height=\"241\" srcset=\"https:\/\/novarefriclima.com.br\/wp-content\/uploads\/2022\/07\/COMPRAR.jpg 356w, https:\/\/novarefriclima.com.br\/wp-content\/uploads\/2022\/07\/COMPRAR-300x141.jpg 300w\" sizes=\"(max-width: 513px) 100vw, 513px\" \/><\/a><p><\/p>\n<figcaption class=\"wp-element-caption\"><strong><a href=\"https:\/\/novarefriclima.com.br\/index.php\/sobre\/\">EMPRESA<\/a><\/strong><\/figcaption>\n<\/figure>\n<p><\/div><\/p>\n<p><div class=\"wp-block-image\"><\/p>\n<figure class=\"alignleft size-full is-resized\"><a href=\"https:\/\/novarefriclima.com.br\/index.php\/contato\/\"><img loading=\"lazy\" decoding=\"async\" src=\"https:\/\/novarefriclima.com.br\/wp-content\/uploads\/2022\/07\/AT..jpg\" alt=\"\" class=\"wp-image-305\" width=\"529\" height=\"247\" srcset=\"https:\/\/novarefriclima.com.br\/wp-content\/uploads\/2022\/07\/AT..jpg 356w, https:\/\/novarefriclima.com.br\/wp-content\/uploads\/2022\/07\/AT.-300x141.jpg 300w\" sizes=\"(max-width: 529px) 100vw, 529px\" \/><\/a><p><\/p>\n<figcaption class=\"wp-element-caption\"><strong><a href=\"https:\/\/novarefriclima.com.br\/index.php\/contato\/\">ATENDIMENTO<\/a><\/strong><\/figcaption>\n<\/figure>\n<p><\/div><\/p>\n<p><\/p>\n<div class=\"wp-block-cover alignfull is-light\" style=\"min-height:250px;aspect-ratio:unset;\">\n<p><span aria-hidden=\"true\" class=\"wp-block-cover__background has-background-dim-100 has-background-dim\" style=\"background-color:#f3f3f3\"><\/span><\/p>\n<div class=\"wp-block-cover__inner-container is-layout-flow wp-block-cover-is-layout-flow\">\n<p><\/p>\n<div style=\"height:40px\" aria-hidden=\"true\" class=\"wp-block-spacer\"><\/div>\n<p><\/p>\n<p><\/p>\n<div class=\"wp-block-columns are-vertically-aligned-center is-layout-flex wp-container-core-columns-is-layout-9d6595d7 wp-block-columns-is-layout-flex\">\n<p><\/p>\n<div class=\"wp-block-column is-vertically-aligned-center is-layout-flow wp-block-column-is-layout-flow\" style=\"flex-basis:33.33%\">\n<p><\/p>\n<div class=\"wp-block-group\"><div class=\"wp-block-group__inner-container is-layout-flow wp-block-group-is-layout-flow\">\n<p><\/p>\n<figure class=\"wp-block-gallery has-nested-images columns-default is-cropped wp-block-gallery-2 is-layout-flex wp-block-gallery-is-layout-flex\"><p><\/p>\n<figure class=\"wp-block-image size-full\"><img loading=\"lazy\" decoding=\"async\" width=\"810\" height=\"462\" data-id=\"202\" src=\"https:\/\/novarefriclima.com.br\/wp-content\/uploads\/2022\/06\/melhoresmacas.jpg\" alt=\"\" class=\"wp-image-202\" srcset=\"https:\/\/novarefriclima.com.br\/wp-content\/uploads\/2022\/06\/melhoresmacas.jpg 810w, https:\/\/novarefriclima.com.br\/wp-content\/uploads\/2022\/06\/melhoresmacas-300x171.jpg 300w, https:\/\/novarefriclima.com.br\/wp-content\/uploads\/2022\/06\/melhoresmacas-768x438.jpg 768w\" sizes=\"(max-width: 810px) 100vw, 810px\" \/><\/figure>\n<p><\/p>\n<\/figure>\n<p><\/p>\n<\/div><\/div>\n<p><\/p>\n<\/div>\n<p><\/p>\n<p><\/p>\n<div class=\"wp-block-column is-layout-flow wp-block-column-is-layout-flow\"><\/div>\n<p><\/p>\n<p><\/p>\n<div class=\"wp-block-column is-vertically-aligned-center is-layout-flow wp-block-column-is-layout-flow\" style=\"flex-basis:66.66%\">\n<p><\/p>\n<h4 class=\"has-black-color has-text-color wp-block-heading\">BEM VINDO (A)<\/h4>\n<p><\/p>\n<p><\/p>\n<p>O atendimento das necessidades de nossos clientes, aliada a experi\u00eancia e criatividade de nossos profissionais, permite otimizar economicamente o investimento a ser realizado.<\/p>\n<p><\/p>\n<p><\/p>\n<p><strong>SERVI\u00c7OS<\/strong><\/p>\n<p><\/p>\n<p><\/p>\n<p>Nossa equipe efetua a&nbsp;<em>instala\u00e7\u00e3o<\/em>&nbsp;ou&nbsp;<em>manuten\u00e7\u00e3o<\/em>&nbsp;de ar condicionado de todas as marcas, seguindo normas de seguran\u00e7a e utilizando equipamentos de prote\u00e7\u00e3o adequados.&nbsp;<em>Trabalhamos<\/em>&nbsp;com v\u00e1rias marcas e modelos de ar condicionados<\/p>\n<p><\/p>\n<p><\/p>\n<p class=\"has-black-color has-text-color\">\n<\/p><p><\/p>\n<\/div>\n<p><\/p>\n<\/div>\n<p><\/p>\n<\/div>\n<\/div>\n<p><\/p>\n<\/div>\t\t\t\t\t\t\t\t<\/div>\n\t\t\t\t<\/div>\n\t\t\t\t\t<\/div>\n\t\t<\/div>\n\t\t\t\t\t<\/div>\n\t\t<\/section>\n\t\t\t\t<\/div>\n\t\t","protected":false},"excerpt":{"rendered":"<p>Confira os tipos de instala\u00e7\u00f5es que realizamos:<br \/>\n\u2022 Instala\u00e7\u00e3o de Ar Condicionado Split \u2013 modelos Hi Wall, Piso Teto e k7;<br \/>\n\u2022 Trabalhamos com os modelos convencionais e os modelos Inverter;<br \/>\n\u2022 Realizamos toda a parte de infraestrutura para tubula\u00e7\u00e3o embutida e projetos;<br \/>\n\u2022 Executamos servi\u00e7os de El\u00e9trica Residencial, Comercial e Predial;<\/p>\n","protected":false},"author":1,"featured_media":0,"parent":0,"menu_order":0,"comment_status":"closed","ping_status":"closed","template":"","meta":{"footnotes":""},"class_list":["post-100","page","type-page","status-publish","hentry"],"_links":{"self":[{"href":"https:\/\/novarefriclima.com.br\/index.php\/wp-json\/wp\/v2\/pages\/100","targetHints":{"allow":["GET"]}}],"collection":[{"href":"https:\/\/novarefriclima.com.br\/index.php\/wp-json\/wp\/v2\/pages"}],"about":[{"href":"https:\/\/novarefriclima.com.br\/index.php\/wp-json\/wp\/v2\/types\/page"}],"author":[{"embeddable":true,"href":"https:\/\/novarefriclima.com.br\/index.php\/wp-json\/wp\/v2\/users\/1"}],"replies":[{"embeddable":true,"href":"https:\/\/novarefriclima.com.br\/index.php\/wp-json\/wp\/v2\/comments?post=100"}],"version-history":[{"count":78,"href":"https:\/\/novarefriclima.com.br\/index.php\/wp-json\/wp\/v2\/pages\/100\/revisions"}],"predecessor-version":[{"id":563,"href":"https:\/\/novarefriclima.com.br\/index.php\/wp-json\/wp\/v2\/pages\/100\/revisions\/563"}],"wp:attachment":[{"href":"https:\/\/novarefriclima.com.br\/index.php\/wp-json\/wp\/v2\/media?parent=100"}],"curies":[{"name":"wp","href":"https:\/\/api.w.org\/{rel}","templated":true}]}}