{"id":101,"date":"2022-06-24T17:01:16","date_gmt":"2022-06-24T17:01:16","guid":{"rendered":"https:\/\/novarefriclima.com.br\/?page_id=101"},"modified":"2022-07-18T14:35:48","modified_gmt":"2022-07-18T14:35:48","slug":"sobre","status":"publish","type":"page","link":"https:\/\/novarefriclima.com.br\/index.php\/sobre\/","title":{"rendered":"Sobre"},"content":{"rendered":"\n<p><strong>Empresa<\/strong><\/p>\n\n\n<h2><strong>Empresa<\/strong><\/h2>\n<p>Empresa surgiu de uma ideia de competir no mercado de trabalho no ramo de ar condicionado, e n\u00e3o s\u00f3 buscando competir com a m\u00e3o de obra como a qualidade e garantia do todos os servi\u00e7os!<\/p>\n<p>A <strong>NOVARerfriclima<\/strong> trabalha com todos os tipos de equipamento de ar condicionado, sendo residencial, comercial ou industrial, todos e modelos.<\/p>\n<p>Trabalhamos com manuten\u00e7\u00e3o, higieniza\u00e7\u00e3o, consertos em geral e vende de equipamentos.<\/p>\n<p>Atendemos todas normas e leis necess\u00e1rias para este trabalho buscando atender sempre nossos clientes.\u00a0<\/p>\n<p>\u00a0<\/p>\n\n\n<div class=\"wp-block-columns is-layout-flex wp-container-core-columns-is-layout-9d6595d7 wp-block-columns-is-layout-flex\">\n<div class=\"wp-block-column is-layout-flow wp-block-column-is-layout-flow\" style=\"flex-basis:100%\">\n<figure class=\"wp-block-gallery has-nested-images columns-default is-cropped wp-block-gallery-1 is-layout-flex wp-block-gallery-is-layout-flex\">\n<figure class=\"wp-block-image size-full is-style-default\"><img fetchpriority=\"high\" decoding=\"async\" width=\"750\" height=\"268\" data-id=\"136\" src=\"https:\/\/novarefriclima.com.br\/wp-content\/uploads\/2022\/06\/LOGO-1.png\" alt=\"\" class=\"wp-image-136\" srcset=\"https:\/\/novarefriclima.com.br\/wp-content\/uploads\/2022\/06\/LOGO-1.png 750w, https:\/\/novarefriclima.com.br\/wp-content\/uploads\/2022\/06\/LOGO-1-300x107.png 300w\" sizes=\"(max-width: 750px) 100vw, 750px\" \/><\/figure>\n<\/figure>\n<\/div>\n<\/div>\n","protected":false},"excerpt":{"rendered":"<p>Empresa Empresa Empresa surgiu de uma ideia de competir no mercado de trabalho no ramo de ar condicionado, e n\u00e3o s\u00f3 buscando competir com a m\u00e3o de obra como a qualidade e garantia do todos os servi\u00e7os! A NOVARerfriclima trabalha com todos os tipos de equipamento de ar condicionado, sendo residencial, comercial ou industrial, todos [&hellip;]<\/p>\n","protected":false},"author":1,"featured_media":0,"parent":0,"menu_order":0,"comment_status":"closed","ping_status":"closed","template":"","meta":{"footnotes":""},"class_list":["post-101","page","type-page","status-publish","hentry"],"_links":{"self":[{"href":"https:\/\/novarefriclima.com.br\/index.php\/wp-json\/wp\/v2\/pages\/101","targetHints":{"allow":["GET"]}}],"collection":[{"href":"https:\/\/novarefriclima.com.br\/index.php\/wp-json\/wp\/v2\/pages"}],"about":[{"href":"https:\/\/novarefriclima.com.br\/index.php\/wp-json\/wp\/v2\/types\/page"}],"author":[{"embeddable":true,"href":"https:\/\/novarefriclima.com.br\/index.php\/wp-json\/wp\/v2\/users\/1"}],"replies":[{"embeddable":true,"href":"https:\/\/novarefriclima.com.br\/index.php\/wp-json\/wp\/v2\/comments?post=101"}],"version-history":[{"count":6,"href":"https:\/\/novarefriclima.com.br\/index.php\/wp-json\/wp\/v2\/pages\/101\/revisions"}],"predecessor-version":[{"id":323,"href":"https:\/\/novarefriclima.com.br\/index.php\/wp-json\/wp\/v2\/pages\/101\/revisions\/323"}],"wp:attachment":[{"href":"https:\/\/novarefriclima.com.br\/index.php\/wp-json\/wp\/v2\/media?parent=101"}],"curies":[{"name":"wp","href":"https:\/\/api.w.org\/{rel}","templated":true}]}}