{"id":102,"date":"2022-06-24T17:01:16","date_gmt":"2022-06-24T17:01:16","guid":{"rendered":"https:\/\/novarefriclima.com.br\/?page_id=102"},"modified":"2025-08-24T15:28:24","modified_gmt":"2025-08-24T15:28:24","slug":"contato","status":"publish","type":"page","link":"https:\/\/novarefriclima.com.br\/index.php\/contato\/","title":{"rendered":"Contato"},"content":{"rendered":"\t\t<div data-elementor-type=\"wp-page\" data-elementor-id=\"102\" class=\"elementor elementor-102\">\n\t\t\t\t\t\t<section class=\"elementor-section elementor-top-section elementor-element elementor-element-15633e70 elementor-section-boxed elementor-section-height-default elementor-section-height-default\" data-id=\"15633e70\" data-element_type=\"section\">\n\t\t\t\t\t\t<div class=\"elementor-container elementor-column-gap-default\">\n\t\t\t\t\t<div class=\"elementor-column elementor-col-100 elementor-top-column elementor-element elementor-element-f5be21d\" data-id=\"f5be21d\" data-element_type=\"column\">\n\t\t\t<div class=\"elementor-widget-wrap elementor-element-populated\">\n\t\t\t\t\t\t<div class=\"elementor-element elementor-element-6c2303dc elementor-widget elementor-widget-text-editor\" data-id=\"6c2303dc\" data-element_type=\"widget\" data-widget_type=\"text-editor.default\">\n\t\t\t\t<div class=\"elementor-widget-container\">\n\t\t\t\t\t\t\t\t\t<p><\/p>\n<p><\/p>\n<h2>Consulte-nos \u00f3timos pre\u00e7os e servi\u00e7os com Garantia <\/h2>\n<p>Marque seu or\u00e7amento sem compromisso<\/p>\n<pre class=\"wp-block-preformatted\">\n<h2><strong>WhatsApp<\/strong> (11)95485-5983<\/h2><strong>e-mail: <\/strong>novarefriclima@gmail.com<\/pre>\n<p><b>Endere\u00e7o<\/b><br>Rua Diogo Barbosa Barreto, 104 &#8211; Vila Mendes &#8211; S\u00e3o Paulo, SP &#8211; Brasil<\/p>\n<p><b>Hor\u00e1rio de Atendimento<\/b><br>Segunda-Sexta: 8:00\u201318:00PM<\/p>\n<p>S\u00e1bado: 8:00\u201315:00PM<\/p>\n<p><\/p>\t\t\t\t\t\t\t\t<\/div>\n\t\t\t\t<\/div>\n\t\t\t\t\t<\/div>\n\t\t<\/div>\n\t\t\t\t\t<\/div>\n\t\t<\/section>\n\t\t\t\t<\/div>\n\t\t","protected":false},"excerpt":{"rendered":"<p>Consulte-nos \u00f3timos pre\u00e7os e servi\u00e7os com Garantia Marque seu or\u00e7amento sem compromisso WhatsApp (11)95485-5983e-mail: novarefriclima@gmail.com Endere\u00e7oRua Diogo Barbosa Barreto, 104 &#8211; Vila Mendes &#8211; S\u00e3o Paulo, SP &#8211; Brasil Hor\u00e1rio de AtendimentoSegunda-Sexta: 8:00\u201318:00PM S\u00e1bado: 8:00\u201315:00PM<\/p>\n","protected":false},"author":1,"featured_media":0,"parent":0,"menu_order":0,"comment_status":"closed","ping_status":"closed","template":"","meta":{"footnotes":""},"class_list":["post-102","page","type-page","status-publish","hentry"],"_links":{"self":[{"href":"https:\/\/novarefriclima.com.br\/index.php\/wp-json\/wp\/v2\/pages\/102","targetHints":{"allow":["GET"]}}],"collection":[{"href":"https:\/\/novarefriclima.com.br\/index.php\/wp-json\/wp\/v2\/pages"}],"about":[{"href":"https:\/\/novarefriclima.com.br\/index.php\/wp-json\/wp\/v2\/types\/page"}],"author":[{"embeddable":true,"href":"https:\/\/novarefriclima.com.br\/index.php\/wp-json\/wp\/v2\/users\/1"}],"replies":[{"embeddable":true,"href":"https:\/\/novarefriclima.com.br\/index.php\/wp-json\/wp\/v2\/comments?post=102"}],"version-history":[{"count":12,"href":"https:\/\/novarefriclima.com.br\/index.php\/wp-json\/wp\/v2\/pages\/102\/revisions"}],"predecessor-version":[{"id":506,"href":"https:\/\/novarefriclima.com.br\/index.php\/wp-json\/wp\/v2\/pages\/102\/revisions\/506"}],"wp:attachment":[{"href":"https:\/\/novarefriclima.com.br\/index.php\/wp-json\/wp\/v2\/media?parent=102"}],"curies":[{"name":"wp","href":"https:\/\/api.w.org\/{rel}","templated":true}]}}