{"id":118,"date":"2022-06-24T17:12:38","date_gmt":"2022-06-24T17:12:38","guid":{"rendered":"https:\/\/novarefriclima.com.br\/?page_id=118"},"modified":"2025-08-24T14:53:57","modified_gmt":"2025-08-24T14:53:57","slug":"manutencao","status":"publish","type":"page","link":"https:\/\/novarefriclima.com.br\/index.php\/manutencao\/","title":{"rendered":"Higieniza\u00e7\u00e3o"},"content":{"rendered":"\t\t<div data-elementor-type=\"wp-page\" data-elementor-id=\"118\" class=\"elementor elementor-118\">\n\t\t\t\t\t\t<section class=\"elementor-section elementor-top-section elementor-element elementor-element-69608d54 elementor-section-boxed elementor-section-height-default elementor-section-height-default\" data-id=\"69608d54\" data-element_type=\"section\">\n\t\t\t\t\t\t<div class=\"elementor-container elementor-column-gap-default\">\n\t\t\t\t\t<div class=\"elementor-column elementor-col-100 elementor-top-column elementor-element elementor-element-61c4ec4d\" data-id=\"61c4ec4d\" data-element_type=\"column\">\n\t\t\t<div class=\"elementor-widget-wrap elementor-element-populated\">\n\t\t\t\t\t\t<div class=\"elementor-element elementor-element-1f9cb2e7 elementor-widget elementor-widget-text-editor\" data-id=\"1f9cb2e7\" data-element_type=\"widget\" data-widget_type=\"text-editor.default\">\n\t\t\t\t<div class=\"elementor-widget-container\">\n\t\t\t\t\t\t\t\t\t<p>HIGIENIZA\u00c7\u00c3O DE APARELHOS<br data-rich-text-line-break=\"true\">&nbsp;Higieniza\u00e7\u00e3o a partir de R$ 200,00 para equipamentos at\u00e9 12 000 BTUS e higieniza\u00e7\u00e3o com o equipamento no local.<\/p>\n<p>Trabalhamos com manuten\u00e7\u00e3o corretiva (quando o aparelho apresenta defeitos de funcionamento, m\u00e1 instala\u00e7\u00e3o ou por tempo de uso) e tamb\u00e9m manuten\u00e7\u00e3o preventiva (quando passa um determinado tempo e seu aparelho precisa ser limpo, testado ou configurado).<br data-rich-text-line-break=\"true\">\u2022 Manuten\u00e7\u00e3o em Aparelhos Split: Hi Wall, Piso Teto, K7 e Ar Condicionado de Janela(ACJ)<br data-rich-text-line-break=\"true\">\u2022 Modelos Convencionais e Inverter;<br data-rich-text-line-break=\"true\">\u2022 Limpeza de todos os tipos de Aparelhos modelos SPLIT e ACJ;<\/p>\n<p><\/p>\n<p><\/p>\n<p><div class=\"wp-block-image is-style-rounded\"><\/p>\n<figure class=\"aligncenter size-full\"><img fetchpriority=\"high\" decoding=\"async\" width=\"751\" height=\"343\" src=\"https:\/\/novarefriclima.com.br\/wp-content\/uploads\/2022\/06\/5.jpg\" alt=\"\" class=\"wp-image-16\" srcset=\"https:\/\/novarefriclima.com.br\/wp-content\/uploads\/2022\/06\/5.jpg 751w, https:\/\/novarefriclima.com.br\/wp-content\/uploads\/2022\/06\/5-300x137.jpg 300w\" sizes=\"(max-width: 751px) 100vw, 751px\" \/>12<\/figure>\n<p><\/div><\/p>\t\t\t\t\t\t\t\t<\/div>\n\t\t\t\t<\/div>\n\t\t\t\t\t<\/div>\n\t\t<\/div>\n\t\t\t\t\t<\/div>\n\t\t<\/section>\n\t\t\t\t<\/div>\n\t\t","protected":false},"excerpt":{"rendered":"<p>HIGIENIZA\u00c7\u00c3O DE APARELHOS&nbsp;Higieniza\u00e7\u00e3o a partir de R$ 200,00 para equipamentos at\u00e9 12 000 BTUS e higieniza\u00e7\u00e3o com o equipamento no local. Trabalhamos com manuten\u00e7\u00e3o corretiva (quando o aparelho apresenta defeitos de funcionamento, m\u00e1 instala\u00e7\u00e3o ou por tempo de uso) e tamb\u00e9m manuten\u00e7\u00e3o preventiva (quando passa um determinado tempo e seu aparelho precisa ser limpo, testado [&hellip;]<\/p>\n","protected":false},"author":1,"featured_media":0,"parent":0,"menu_order":0,"comment_status":"closed","ping_status":"closed","template":"","meta":{"footnotes":""},"class_list":["post-118","page","type-page","status-publish","hentry"],"_links":{"self":[{"href":"https:\/\/novarefriclima.com.br\/index.php\/wp-json\/wp\/v2\/pages\/118","targetHints":{"allow":["GET"]}}],"collection":[{"href":"https:\/\/novarefriclima.com.br\/index.php\/wp-json\/wp\/v2\/pages"}],"about":[{"href":"https:\/\/novarefriclima.com.br\/index.php\/wp-json\/wp\/v2\/types\/page"}],"author":[{"embeddable":true,"href":"https:\/\/novarefriclima.com.br\/index.php\/wp-json\/wp\/v2\/users\/1"}],"replies":[{"embeddable":true,"href":"https:\/\/novarefriclima.com.br\/index.php\/wp-json\/wp\/v2\/comments?post=118"}],"version-history":[{"count":9,"href":"https:\/\/novarefriclima.com.br\/index.php\/wp-json\/wp\/v2\/pages\/118\/revisions"}],"predecessor-version":[{"id":487,"href":"https:\/\/novarefriclima.com.br\/index.php\/wp-json\/wp\/v2\/pages\/118\/revisions\/487"}],"wp:attachment":[{"href":"https:\/\/novarefriclima.com.br\/index.php\/wp-json\/wp\/v2\/media?parent=118"}],"curies":[{"name":"wp","href":"https:\/\/api.w.org\/{rel}","templated":true}]}}