{"id":2,"date":"2022-06-24T11:48:07","date_gmt":"2022-06-24T11:48:07","guid":{"rendered":"https:\/\/novarefriclima.com.br\/?page_id=2"},"modified":"2025-08-24T14:52:55","modified_gmt":"2025-08-24T14:52:55","slug":"instalacao","status":"publish","type":"page","link":"https:\/\/novarefriclima.com.br\/index.php\/instalacao\/","title":{"rendered":"Instala\u00e7\u00e3o"},"content":{"rendered":"\t\t<div data-elementor-type=\"wp-page\" data-elementor-id=\"2\" class=\"elementor elementor-2\">\n\t\t\t\t\t\t<section class=\"elementor-section elementor-top-section elementor-element elementor-element-1da2df6c elementor-section-boxed elementor-section-height-default elementor-section-height-default\" data-id=\"1da2df6c\" data-element_type=\"section\">\n\t\t\t\t\t\t<div class=\"elementor-container elementor-column-gap-default\">\n\t\t\t\t\t<div class=\"elementor-column elementor-col-100 elementor-top-column elementor-element elementor-element-2dba9074\" data-id=\"2dba9074\" data-element_type=\"column\">\n\t\t\t<div class=\"elementor-widget-wrap elementor-element-populated\">\n\t\t\t\t\t\t<div class=\"elementor-element elementor-element-48615118 elementor-widget elementor-widget-text-editor\" data-id=\"48615118\" data-element_type=\"widget\" data-widget_type=\"text-editor.default\">\n\t\t\t\t<div class=\"elementor-widget-container\">\n\t\t\t\t\t\t\t\t\t<p><\/p>\n<p>INSTALA\u00c7\u00c3O DE AR CONDICIONADO, INFRAESTRUTURA E SERVI\u00c7OS EL\u00c9TRICOS EM GERAL<\/p>\n<p><\/p>\n<p><\/p>\n<p>Instala\u00e7\u00e3o de ar condicionado a partir de R$ 800,00; Para equipamentos at\u00e9 12.000 BTUS com uma distancia de at\u00e9 3metros do evaporador interno ao condensador externo.<\/p>\n<p><\/p>\n<p><\/p>\n<p>Trabalhamos com profissionalismo, responsabilidade, ferramentas e produtos de qualidade, com equipes treinadas e certificadas, atuamos em todas as cidades de S\u00e3o Paulo. Se voc\u00ea possui uma empresa, h\u00e1 op\u00e7\u00e3o de contrato de manuten\u00e7\u00e3o corretiva e preventiva, assim voc\u00ea que tem alto \u00edndice de reparos, manuten\u00e7\u00e3o ou instala\u00e7\u00e3o, economiza com planos ideais para sua empresa. Confira os tipos de instala\u00e7\u00f5es que realizamos:<br>\u2022 Instala\u00e7\u00e3o de Ar Condicionado Split &#8211; modelos Hi Wall, Piso Teto e k7;<br>\u2022 Trabalhamos com os modelos convencionais e os modelos Inverter;<br>\u2022 Realizamos toda a parte de infraestrutura para tubula\u00e7\u00e3o embutida e projetos;<br>\u2022 Executamos servi\u00e7os de El\u00e9trica Residencial, Comercial e Predial;<\/p>\n<p><\/p>\n<p><\/p>\n<p><\/p>\n<p><\/p>\n<figure class=\"wp-block-image size-full\"><img fetchpriority=\"high\" decoding=\"async\" width=\"1024\" height=\"682\" src=\"https:\/\/novarefriclima.com.br\/wp-content\/uploads\/2022\/06\/13761150.jpg\" alt=\"\" class=\"wp-image-34\" srcset=\"https:\/\/novarefriclima.com.br\/wp-content\/uploads\/2022\/06\/13761150.jpg 1024w, https:\/\/novarefriclima.com.br\/wp-content\/uploads\/2022\/06\/13761150-300x200.jpg 300w, https:\/\/novarefriclima.com.br\/wp-content\/uploads\/2022\/06\/13761150-768x512.jpg 768w\" sizes=\"(max-width: 1024px) 100vw, 1024px\" \/><\/figure>\n<p><\/p>\t\t\t\t\t\t\t\t<\/div>\n\t\t\t\t<\/div>\n\t\t\t\t\t<\/div>\n\t\t<\/div>\n\t\t\t\t\t<\/div>\n\t\t<\/section>\n\t\t\t\t<\/div>\n\t\t","protected":false},"excerpt":{"rendered":"<p>INSTALA\u00c7\u00c3O DE AR CONDICIONADO, INFRAESTRUTURA E SERVI\u00c7OS EL\u00c9TRICOS EM GERAL Instala\u00e7\u00e3o de ar condicionado a partir de R$ 800,00; Para equipamentos at\u00e9 12.000 BTUS com uma distancia de at\u00e9 3metros do evaporador interno ao condensador externo. Trabalhamos com profissionalismo, responsabilidade, ferramentas e produtos de qualidade, com equipes treinadas e certificadas, atuamos em todas as cidades [&hellip;]<\/p>\n","protected":false},"author":1,"featured_media":44,"parent":0,"menu_order":0,"comment_status":"closed","ping_status":"open","template":"","meta":{"footnotes":""},"class_list":["post-2","page","type-page","status-publish","has-post-thumbnail","hentry"],"_links":{"self":[{"href":"https:\/\/novarefriclima.com.br\/index.php\/wp-json\/wp\/v2\/pages\/2","targetHints":{"allow":["GET"]}}],"collection":[{"href":"https:\/\/novarefriclima.com.br\/index.php\/wp-json\/wp\/v2\/pages"}],"about":[{"href":"https:\/\/novarefriclima.com.br\/index.php\/wp-json\/wp\/v2\/types\/page"}],"author":[{"embeddable":true,"href":"https:\/\/novarefriclima.com.br\/index.php\/wp-json\/wp\/v2\/users\/1"}],"replies":[{"embeddable":true,"href":"https:\/\/novarefriclima.com.br\/index.php\/wp-json\/wp\/v2\/comments?post=2"}],"version-history":[{"count":9,"href":"https:\/\/novarefriclima.com.br\/index.php\/wp-json\/wp\/v2\/pages\/2\/revisions"}],"predecessor-version":[{"id":484,"href":"https:\/\/novarefriclima.com.br\/index.php\/wp-json\/wp\/v2\/pages\/2\/revisions\/484"}],"wp:featuredmedia":[{"embeddable":true,"href":"https:\/\/novarefriclima.com.br\/index.php\/wp-json\/wp\/v2\/media\/44"}],"wp:attachment":[{"href":"https:\/\/novarefriclima.com.br\/index.php\/wp-json\/wp\/v2\/media?parent=2"}],"curies":[{"name":"wp","href":"https:\/\/api.w.org\/{rel}","templated":true}]}}