{"id":207,"date":"2022-06-27T14:57:10","date_gmt":"2022-06-27T14:57:10","guid":{"rendered":"https:\/\/novarefriclima.com.br\/?page_id=207"},"modified":"2022-06-29T13:05:57","modified_gmt":"2022-06-29T13:05:57","slug":"grandes-marcas","status":"publish","type":"page","link":"https:\/\/novarefriclima.com.br\/index.php\/grandes-marcas\/","title":{"rendered":"Grandes marcas"},"content":{"rendered":"\n<p>Bem-vindo(a) O perfeito atendimento das necessidades de nossos clientes, aliada a experi\u00eancia e criatividade de nossos profissionais, permite otimizar economicamente o investimento a ser realizado.<\/p>\n\n\n\n<p><strong>SERVI\u00c7OS<\/strong><\/p>\n\n\n\n<p>Nossa equipe efetua a&nbsp;<em>instala\u00e7\u00e3o<\/em>&nbsp;ou&nbsp;<em>manuten\u00e7\u00e3o<\/em>&nbsp;de ar condicionado de todas as marcas, seguindo normas de seguran\u00e7a e utilizando equipamentos de prote\u00e7\u00e3o adequados.&nbsp;<em>Trabalhamos<\/em>&nbsp;com v\u00e1rias marcas e modelos de ar condicionado.<\/p>\n\n\n\n<figure class=\"wp-block-gallery has-nested-images columns-default is-cropped wp-block-gallery-1 is-layout-flex wp-block-gallery-is-layout-flex\">\n<figure class=\"wp-block-image size-large\"><img fetchpriority=\"high\" decoding=\"async\" width=\"284\" height=\"178\" data-id=\"195\" src=\"https:\/\/novarefriclima.com.br\/wp-content\/uploads\/2022\/06\/download-2.jpg\" alt=\"\" class=\"wp-image-195\"\/><\/figure>\n<\/figure>\n\n\n\n<figure class=\"wp-block-gallery has-nested-images columns-default is-cropped wp-block-gallery-2 is-layout-flex wp-block-gallery-is-layout-flex\">\n<figure class=\"wp-block-image size-large\"><img decoding=\"async\" width=\"391\" height=\"129\" data-id=\"194\" src=\"https:\/\/novarefriclima.com.br\/wp-content\/uploads\/2022\/06\/sansug.png\" alt=\"\" class=\"wp-image-194\" srcset=\"https:\/\/novarefriclima.com.br\/wp-content\/uploads\/2022\/06\/sansug.png 391w, https:\/\/novarefriclima.com.br\/wp-content\/uploads\/2022\/06\/sansug-300x99.png 300w\" sizes=\"(max-width: 391px) 100vw, 391px\" \/><\/figure>\n<\/figure>\n\n\n\n<figure class=\"wp-block-gallery has-nested-images columns-default is-cropped wp-block-gallery-3 is-layout-flex wp-block-gallery-is-layout-flex\">\n<figure class=\"wp-block-image size-large\"><img decoding=\"async\" width=\"191\" height=\"90\" data-id=\"191\" src=\"https:\/\/novarefriclima.com.br\/wp-content\/uploads\/2022\/06\/images-1.png\" alt=\"\" class=\"wp-image-191\"\/><\/figure>\n<\/figure>\n\n\n\n<figure class=\"wp-block-gallery has-nested-images columns-default is-cropped wp-block-gallery-4 is-layout-flex wp-block-gallery-is-layout-flex\">\n<figure class=\"wp-block-image size-large\"><img loading=\"lazy\" decoding=\"async\" width=\"240\" height=\"120\" data-id=\"190\" src=\"https:\/\/novarefriclima.com.br\/wp-content\/uploads\/2022\/06\/hitachi.jpg\" alt=\"\" class=\"wp-image-190\"\/><\/figure>\n<\/figure>\n\n\n\n<figure class=\"wp-block-gallery has-nested-images columns-default is-cropped wp-block-gallery-5 is-layout-flex wp-block-gallery-is-layout-flex\">\n<figure class=\"wp-block-image size-large\"><img loading=\"lazy\" decoding=\"async\" width=\"327\" height=\"154\" data-id=\"189\" src=\"https:\/\/novarefriclima.com.br\/wp-content\/uploads\/2022\/06\/download.png\" alt=\"\" class=\"wp-image-189\" srcset=\"https:\/\/novarefriclima.com.br\/wp-content\/uploads\/2022\/06\/download.png 327w, https:\/\/novarefriclima.com.br\/wp-content\/uploads\/2022\/06\/download-300x141.png 300w\" sizes=\"(max-width: 327px) 100vw, 327px\" \/><\/figure>\n<\/figure>\n\n\n\n<figure class=\"wp-block-gallery has-nested-images columns-default is-cropped wp-block-gallery-6 is-layout-flex wp-block-gallery-is-layout-flex\">\n<figure class=\"wp-block-image size-large\"><img loading=\"lazy\" decoding=\"async\" width=\"369\" height=\"136\" data-id=\"187\" src=\"https:\/\/novarefriclima.com.br\/wp-content\/uploads\/2022\/06\/continel-1.png\" alt=\"\" class=\"wp-image-187\" srcset=\"https:\/\/novarefriclima.com.br\/wp-content\/uploads\/2022\/06\/continel-1.png 369w, https:\/\/novarefriclima.com.br\/wp-content\/uploads\/2022\/06\/continel-1-300x111.png 300w\" sizes=\"(max-width: 369px) 100vw, 369px\" \/><\/figure>\n<\/figure>\n","protected":false},"excerpt":{"rendered":"<p>Bem-vindo(a) O perfeito atendimento das necessidades de nossos clientes, aliada a experi\u00eancia e criatividade de nossos profissionais, permite otimizar economicamente o investimento a ser realizado. SERVI\u00c7OS Nossa equipe efetua a&nbsp;instala\u00e7\u00e3o&nbsp;ou&nbsp;manuten\u00e7\u00e3o&nbsp;de ar condicionado de todas as marcas, seguindo normas de seguran\u00e7a e utilizando equipamentos de prote\u00e7\u00e3o adequados.&nbsp;Trabalhamos&nbsp;com v\u00e1rias marcas e modelos de ar condicionado.<\/p>\n","protected":false},"author":1,"featured_media":0,"parent":0,"menu_order":0,"comment_status":"closed","ping_status":"closed","template":"","meta":{"footnotes":""},"class_list":["post-207","page","type-page","status-publish","hentry"],"_links":{"self":[{"href":"https:\/\/novarefriclima.com.br\/index.php\/wp-json\/wp\/v2\/pages\/207","targetHints":{"allow":["GET"]}}],"collection":[{"href":"https:\/\/novarefriclima.com.br\/index.php\/wp-json\/wp\/v2\/pages"}],"about":[{"href":"https:\/\/novarefriclima.com.br\/index.php\/wp-json\/wp\/v2\/types\/page"}],"author":[{"embeddable":true,"href":"https:\/\/novarefriclima.com.br\/index.php\/wp-json\/wp\/v2\/users\/1"}],"replies":[{"embeddable":true,"href":"https:\/\/novarefriclima.com.br\/index.php\/wp-json\/wp\/v2\/comments?post=207"}],"version-history":[{"count":2,"href":"https:\/\/novarefriclima.com.br\/index.php\/wp-json\/wp\/v2\/pages\/207\/revisions"}],"predecessor-version":[{"id":211,"href":"https:\/\/novarefriclima.com.br\/index.php\/wp-json\/wp\/v2\/pages\/207\/revisions\/211"}],"wp:attachment":[{"href":"https:\/\/novarefriclima.com.br\/index.php\/wp-json\/wp\/v2\/media?parent=207"}],"curies":[{"name":"wp","href":"https:\/\/api.w.org\/{rel}","templated":true}]}}